{"id":1911,"date":"2020-01-03T14:00:25","date_gmt":"2020-01-03T13:00:25","guid":{"rendered":"http:\/\/franchise.midas.be\/les-valeurs\/"},"modified":"2023-04-18T11:10:17","modified_gmt":"2023-04-18T09:10:17","slug":"waarden","status":"publish","type":"page","link":"https:\/\/franchise.midas.be\/nl\/waarden\/","title":{"rendered":"Waarden"},"content":{"rendered":"<p>[vc_row full_width=&#8221;stretch_row_content_no_spaces&#8221; content_placement=&#8221;middle&#8221; css=&#8221;.vc_custom_1576485331560{background-color: #ffffff !important;}&#8221;][vc_column css=&#8221;.vc_custom_1645459181191{padding-top: 7% !important;padding-right: 0px !important;padding-bottom: 10% !important;padding-left: 45% !important;background-image: url(https:\/\/franchise.midas.be\/wp-content\/uploads\/2022\/02\/particuliers.jpg?id=1518) !important;background-position: 0 0 !important;background-repeat: no-repeat !important;}&#8221; el_class=&#8221;accueil-particulier&#8221;][vc_column_text el_class=&#8221;h2-large titre-icone-midas&#8221;]<\/p>\n<h2>DE WAARDEN VAN<br \/>\n<small>Midas<\/small><\/h2>\n<p>[\/vc_column_text][\/vc_column][\/vc_row][vc_row content_placement=&#8221;top&#8221; css=&#8221;.vc_custom_1653916182593{padding-top: 45px !important;padding-bottom: 0px !important;}&#8221; el_class=&#8221;valeurs-icones&#8221;][vc_column width=&#8221;1\/3&#8243; offset=&#8221;vc_col-xs-4&#8243;][vc_single_image image=&#8221;2017&#8243; img_size=&#8221;full&#8221; alignment=&#8221;center&#8221; css=&#8221;.vc_custom_1673880621316{margin-bottom: 0px !important;}&#8221;][vc_column_text]<\/p>\n<h3 style=\"text-align: center;\">Durf<\/h3>\n<p>[\/vc_column_text][vc_column_text]<\/p>\n<p style=\"text-align: center;\">Innoveren en ervoor durven gaan, dat staat bij ons centraal<\/p>\n<p>[\/vc_column_text][\/vc_column][vc_column width=&#8221;1\/3&#8243; offset=&#8221;vc_col-xs-4&#8243;][vc_single_image image=&#8221;1062&#8243; img_size=&#8221;full&#8221; alignment=&#8221;center&#8221; css=&#8221;.vc_custom_1581325253016{margin-bottom: 0px !important;}&#8221;][vc_column_text]<\/p>\n<h3 style=\"text-align: center;\">Nabijheid<\/h3>\n<p>[\/vc_column_text][vc_column_text]<\/p>\n<p style=\"text-align: center;\">Een eenvoudige relatie zonder omwegen tussen franchisegever en franchisenemer<\/p>\n<p>[\/vc_column_text][\/vc_column][vc_column width=&#8221;1\/3&#8243; offset=&#8221;vc_col-xs-4&#8243;][vc_single_image image=&#8221;1061&#8243; img_size=&#8221;full&#8221; alignment=&#8221;center&#8221; css=&#8221;.vc_custom_1581325263688{margin-bottom: 0px !important;}&#8221;][vc_column_text]<\/p>\n<h3 style=\"text-align: center;\">Veeleisend<\/h3>\n<p>[\/vc_column_text][vc_column_text]<\/p>\n<p style=\"text-align: center;\">we komen onze verbintenissen en gemeenschappelijke verwachtingen na<\/p>\n","protected":false},"excerpt":{"rendered":"<p>[vc_row full_width=&#8221;stretch_row_content_no_spaces&#8221; content_placement=&#8221;middle&#8221; css=&#8221;.vc_custom_1576485331560{background-color: #ffffff !important;}&#8221;][vc_column css=&#8221;.vc_custom_1645459181191{padding-top: 7% !important;padding-right: 0px !important;padding-bottom: 10% !important;padding-left: 45% !important;background-image: url(https:\/\/franchise.midas.be\/wp-content\/uploads\/2022\/02\/particuliers.jpg?id=1518) !important;background-position: 0 0 !important;background-repeat: no-repeat !important;}&#8221; el_class=&#8221;accueil-particulier&#8221;][vc_column_text el_class=&#8221;h2-large titre-icone-midas&#8221;] DE<span class=\"excerpt-hellip\"> [\u2026]<\/span><\/p>\n","protected":false},"author":1,"featured_media":0,"parent":0,"menu_order":0,"comment_status":"closed","ping_status":"closed","template":"","meta":{"footnotes":""},"class_list":["post-1911","page","type-page","status-publish","hentry"],"yoast_head":"<!-- This site is optimized with the Yoast SEO plugin v25.8 - https:\/\/yoast.com\/wordpress\/plugins\/seo\/ -->\n<title>Waarden - Midas Franchise<\/title>\n<meta name=\"description\" content=\"D\u00e9couvrez les valeurs fortes port\u00e9es par le r\u00e9seau Midas Franchise : Audace, Proximit\u00e9 et Exigence !\" \/>\n<meta name=\"robots\" content=\"index, follow, max-snippet:-1, max-image-preview:large, max-video-preview:-1\" \/>\n<link rel=\"canonical\" href=\"https:\/\/franchise.midas.be\/nl\/waarden\/\" \/>\n<meta property=\"og:locale\" content=\"nl_NL\" \/>\n<meta property=\"og:type\" content=\"article\" \/>\n<meta property=\"og:title\" content=\"Waarden - Midas Franchise\" \/>\n<meta property=\"og:description\" content=\"D\u00e9couvrez les valeurs fortes port\u00e9es par le r\u00e9seau Midas Franchise : Audace, Proximit\u00e9 et Exigence !\" \/>\n<meta property=\"og:url\" content=\"https:\/\/franchise.midas.be\/nl\/waarden\/\" \/>\n<meta property=\"og:site_name\" content=\"Midas Franchise\" \/>\n<meta property=\"article:modified_time\" content=\"2023-04-18T09:10:17+00:00\" \/>\n<meta name=\"twitter:card\" content=\"summary_large_image\" \/>\n<meta name=\"twitter:label1\" content=\"Geschatte leestijd\" \/>\n\t<meta name=\"twitter:data1\" content=\"1 minuut\" \/>\n<script type=\"application\/ld+json\" class=\"yoast-schema-graph\">{\"@context\":\"https:\/\/schema.org\",\"@graph\":[{\"@type\":\"WebPage\",\"@id\":\"https:\/\/franchise.midas.be\/nl\/waarden\/\",\"url\":\"https:\/\/franchise.midas.be\/nl\/waarden\/\",\"name\":\"Waarden - Midas Franchise\",\"isPartOf\":{\"@id\":\"https:\/\/franchise.midas.be\/#website\"},\"datePublished\":\"2020-01-03T13:00:25+00:00\",\"dateModified\":\"2023-04-18T09:10:17+00:00\",\"description\":\"D\u00e9couvrez les valeurs fortes port\u00e9es par le r\u00e9seau Midas Franchise : Audace, Proximit\u00e9 et Exigence !\",\"breadcrumb\":{\"@id\":\"https:\/\/franchise.midas.be\/nl\/waarden\/#breadcrumb\"},\"inLanguage\":\"nl-NL\",\"potentialAction\":[{\"@type\":\"ReadAction\",\"target\":[\"https:\/\/franchise.midas.be\/nl\/waarden\/\"]}]},{\"@type\":\"BreadcrumbList\",\"@id\":\"https:\/\/franchise.midas.be\/nl\/waarden\/#breadcrumb\",\"itemListElement\":[{\"@type\":\"ListItem\",\"position\":1,\"name\":\"\",\"item\":\"https:\/\/franchise.midas.be\/nl\/\"},{\"@type\":\"ListItem\",\"position\":2,\"name\":\"Waarden\"}]},{\"@type\":\"WebSite\",\"@id\":\"https:\/\/franchise.midas.be\/#website\",\"url\":\"https:\/\/franchise.midas.be\/\",\"name\":\"Midas Franchise\",\"description\":\"\",\"potentialAction\":[{\"@type\":\"SearchAction\",\"target\":{\"@type\":\"EntryPoint\",\"urlTemplate\":\"https:\/\/franchise.midas.be\/?s={search_term_string}\"},\"query-input\":{\"@type\":\"PropertyValueSpecification\",\"valueRequired\":true,\"valueName\":\"search_term_string\"}}],\"inLanguage\":\"nl-NL\"}]}<\/script>\n<!-- \/ Yoast SEO plugin. -->","yoast_head_json":{"title":"Waarden - Midas Franchise","description":"D\u00e9couvrez les valeurs fortes port\u00e9es par le r\u00e9seau Midas Franchise : Audace, Proximit\u00e9 et Exigence !","robots":{"index":"index","follow":"follow","max-snippet":"max-snippet:-1","max-image-preview":"max-image-preview:large","max-video-preview":"max-video-preview:-1"},"canonical":"https:\/\/franchise.midas.be\/nl\/waarden\/","og_locale":"nl_NL","og_type":"article","og_title":"Waarden - Midas Franchise","og_description":"D\u00e9couvrez les valeurs fortes port\u00e9es par le r\u00e9seau Midas Franchise : Audace, Proximit\u00e9 et Exigence !","og_url":"https:\/\/franchise.midas.be\/nl\/waarden\/","og_site_name":"Midas Franchise","article_modified_time":"2023-04-18T09:10:17+00:00","twitter_card":"summary_large_image","twitter_misc":{"Geschatte leestijd":"1 minuut"},"schema":{"@context":"https:\/\/schema.org","@graph":[{"@type":"WebPage","@id":"https:\/\/franchise.midas.be\/nl\/waarden\/","url":"https:\/\/franchise.midas.be\/nl\/waarden\/","name":"Waarden - Midas Franchise","isPartOf":{"@id":"https:\/\/franchise.midas.be\/#website"},"datePublished":"2020-01-03T13:00:25+00:00","dateModified":"2023-04-18T09:10:17+00:00","description":"D\u00e9couvrez les valeurs fortes port\u00e9es par le r\u00e9seau Midas Franchise : Audace, Proximit\u00e9 et Exigence !","breadcrumb":{"@id":"https:\/\/franchise.midas.be\/nl\/waarden\/#breadcrumb"},"inLanguage":"nl-NL","potentialAction":[{"@type":"ReadAction","target":["https:\/\/franchise.midas.be\/nl\/waarden\/"]}]},{"@type":"BreadcrumbList","@id":"https:\/\/franchise.midas.be\/nl\/waarden\/#breadcrumb","itemListElement":[{"@type":"ListItem","position":1,"name":"","item":"https:\/\/franchise.midas.be\/nl\/"},{"@type":"ListItem","position":2,"name":"Waarden"}]},{"@type":"WebSite","@id":"https:\/\/franchise.midas.be\/#website","url":"https:\/\/franchise.midas.be\/","name":"Midas Franchise","description":"","potentialAction":[{"@type":"SearchAction","target":{"@type":"EntryPoint","urlTemplate":"https:\/\/franchise.midas.be\/?s={search_term_string}"},"query-input":{"@type":"PropertyValueSpecification","valueRequired":true,"valueName":"search_term_string"}}],"inLanguage":"nl-NL"}]}},"_links":{"self":[{"href":"https:\/\/franchise.midas.be\/nl\/wp-json\/wp\/v2\/pages\/1911","targetHints":{"allow":["GET"]}}],"collection":[{"href":"https:\/\/franchise.midas.be\/nl\/wp-json\/wp\/v2\/pages"}],"about":[{"href":"https:\/\/franchise.midas.be\/nl\/wp-json\/wp\/v2\/types\/page"}],"author":[{"embeddable":true,"href":"https:\/\/franchise.midas.be\/nl\/wp-json\/wp\/v2\/users\/1"}],"replies":[{"embeddable":true,"href":"https:\/\/franchise.midas.be\/nl\/wp-json\/wp\/v2\/comments?post=1911"}],"version-history":[{"count":9,"href":"https:\/\/franchise.midas.be\/nl\/wp-json\/wp\/v2\/pages\/1911\/revisions"}],"predecessor-version":[{"id":2098,"href":"https:\/\/franchise.midas.be\/nl\/wp-json\/wp\/v2\/pages\/1911\/revisions\/2098"}],"wp:attachment":[{"href":"https:\/\/franchise.midas.be\/nl\/wp-json\/wp\/v2\/media?parent=1911"}],"curies":[{"name":"wp","href":"https:\/\/api.w.org\/{rel}","templated":true}]}}